{"id":1039,"date":"2014-09-09T23:29:30","date_gmt":"2014-09-09T22:29:30","guid":{"rendered":"http:\/\/www.kokenmetcoenen.nl\/?page_id=1039"},"modified":"2014-09-09T23:29:30","modified_gmt":"2014-09-09T22:29:30","slug":"knoflooksaus-speciaal","status":"publish","type":"page","link":"http:\/\/www.kokenmetcoenen.nl\/?page_id=1039","title":{"rendered":"KNOFLOOKSAUS SPECIAAL"},"content":{"rendered":"<p>Ingredi\u00ebnten:<\/p>\n<p>Flinke scheut citroensap 1 theelepeltje suiker<br \/>\n3 geperste knoflooktenen<br \/>\n125 gram cr\u00e8me fraiche<br \/>\n3 eetlepels mayonaise,<br \/>\n1 eetlepel vers gesnipperde bieslook<\/p>\n<p>Bereiding:<\/p>\n<p>Doe de mayonaise samen met de cr\u00e8me fraiche en het citroensap in een ruime, ronde kom of schaal en roer het met een garde rustig door elkaar.<br \/>\nVoeg de suiker en de geperste knoflook toe en roer deze met de garde rustig door de inhoud van de schaal.<br \/>\nSchep er als laatste de vers gehakte bieslook door.<br \/>\nLaat de saus in de koelkast iets opstijven.<\/p>\n","protected":false},"excerpt":{"rendered":"<p>Ingredi\u00ebnten: Flinke scheut citroensap 1 theelepeltje suiker 3 geperste knoflooktenen 125 gram cr\u00e8me fraiche 3 eetlepels mayonaise, 1 eetlepel vers gesnipperde bieslook Bereiding: Doe de mayonaise samen met de cr\u00e8me fraiche en het citroensap in een ruime, ronde kom of schaal en roer het met een garde rustig door elkaar. Voeg de suiker en de &hellip; <a href=\"http:\/\/www.kokenmetcoenen.nl\/?page_id=1039\" class=\"more-link\">Lees verder <span class=\"screen-reader-text\">KNOFLOOKSAUS SPECIAAL<\/span> <span class=\"meta-nav\">&rarr;<\/span><\/a><\/p>\n","protected":false},"author":100023,"featured_media":0,"parent":0,"menu_order":0,"comment_status":"closed","ping_status":"closed","template":"","meta":{"wprm-recipe-roundup-name":"","wprm-recipe-roundup-description":"","footnotes":""},"class_list":["post-1039","page","type-page","status-publish","hentry"],"_links":{"self":[{"href":"http:\/\/www.kokenmetcoenen.nl\/index.php?rest_route=\/wp\/v2\/pages\/1039","targetHints":{"allow":["GET"]}}],"collection":[{"href":"http:\/\/www.kokenmetcoenen.nl\/index.php?rest_route=\/wp\/v2\/pages"}],"about":[{"href":"http:\/\/www.kokenmetcoenen.nl\/index.php?rest_route=\/wp\/v2\/types\/page"}],"author":[{"embeddable":true,"href":"http:\/\/www.kokenmetcoenen.nl\/index.php?rest_route=\/wp\/v2\/users\/100023"}],"replies":[{"embeddable":true,"href":"http:\/\/www.kokenmetcoenen.nl\/index.php?rest_route=%2Fwp%2Fv2%2Fcomments&post=1039"}],"version-history":[{"count":1,"href":"http:\/\/www.kokenmetcoenen.nl\/index.php?rest_route=\/wp\/v2\/pages\/1039\/revisions"}],"predecessor-version":[{"id":1040,"href":"http:\/\/www.kokenmetcoenen.nl\/index.php?rest_route=\/wp\/v2\/pages\/1039\/revisions\/1040"}],"wp:attachment":[{"href":"http:\/\/www.kokenmetcoenen.nl\/index.php?rest_route=%2Fwp%2Fv2%2Fmedia&parent=1039"}],"curies":[{"name":"wp","href":"https:\/\/api.w.org\/{rel}","templated":true}]}}