{"id":840,"date":"2014-08-19T10:03:36","date_gmt":"2014-08-19T09:03:36","guid":{"rendered":"http:\/\/www.kokenmetcoenen.nl\/?page_id=840"},"modified":"2017-06-07T08:37:14","modified_gmt":"2017-06-07T07:37:14","slug":"nasi-uit-de-wok","status":"publish","type":"page","link":"http:\/\/www.kokenmetcoenen.nl\/?page_id=840","title":{"rendered":"NASI UIT DE WOK"},"content":{"rendered":"<p>Ingredi\u00ebnten:<\/p>\n<p>500 gram gaar gekookte rijst<br \/>\n300 gram gekruid gehakt<br \/>\n600 gram kant-en-klare nasigroenten, \u00f3f:<br \/>\n200 gram taug\u00e9<br \/>\n150 gram fijngesneden prei<br \/>\n150 gram in schijfjes gesneden kastanjechampignons<br \/>\n100 gram fijngesneden witte kool<br \/>\n50 gram fijngesnipperde ui<br \/>\n70 gram ketjap manis<br \/>\n3\u00a0eieren<br \/>\nolijfolie<br \/>\nzout en peper uit de molen<\/p>\n<p>Bereiding:<\/p>\n<p>Schenk een flinke scheut olijfolie in de wok en verdeel het met een stukje van de keukenrol over de pan.<br \/>\nDoe het gehakt in de wok en roerbak het boven hoog vuur rul.<br \/>\nVoeg de uiblokjes en de groenten toe in de pan, laat deze even meebraden en doe er dan de eitjes en ketjap bij.<br \/>\nRoerbak alles en laat de inhoud van de pan al roerend even doorgaren.<br \/>\nSchep als laatste de rijst erbij in de pan en schep deze er rustig doorheen.<br \/>\nTemper het vuur iets en laat alles nog even zachtjes nagaren.<br \/>\nMaak de nasi op smaak met zout en peper uit de molen.<\/p>\n<p>&nbsp;<\/p>\n","protected":false},"excerpt":{"rendered":"<p>Ingredi\u00ebnten: 500 gram gaar gekookte rijst 300 gram gekruid gehakt 600 gram kant-en-klare nasigroenten, \u00f3f: 200 gram taug\u00e9 150 gram fijngesneden prei 150 gram in schijfjes gesneden kastanjechampignons 100 gram fijngesneden witte kool 50 gram fijngesnipperde ui 70 gram ketjap manis 3\u00a0eieren olijfolie zout en peper uit de molen Bereiding: Schenk een flinke scheut olijfolie &hellip; <a href=\"http:\/\/www.kokenmetcoenen.nl\/?page_id=840\" class=\"more-link\">Lees verder <span class=\"screen-reader-text\">NASI UIT DE WOK<\/span> <span class=\"meta-nav\">&rarr;<\/span><\/a><\/p>\n","protected":false},"author":100023,"featured_media":845,"parent":0,"menu_order":0,"comment_status":"closed","ping_status":"closed","template":"","meta":{"wprm-recipe-roundup-name":"","wprm-recipe-roundup-description":"","footnotes":""},"class_list":["post-840","page","type-page","status-publish","has-post-thumbnail","hentry"],"_links":{"self":[{"href":"http:\/\/www.kokenmetcoenen.nl\/index.php?rest_route=\/wp\/v2\/pages\/840","targetHints":{"allow":["GET"]}}],"collection":[{"href":"http:\/\/www.kokenmetcoenen.nl\/index.php?rest_route=\/wp\/v2\/pages"}],"about":[{"href":"http:\/\/www.kokenmetcoenen.nl\/index.php?rest_route=\/wp\/v2\/types\/page"}],"author":[{"embeddable":true,"href":"http:\/\/www.kokenmetcoenen.nl\/index.php?rest_route=\/wp\/v2\/users\/100023"}],"replies":[{"embeddable":true,"href":"http:\/\/www.kokenmetcoenen.nl\/index.php?rest_route=%2Fwp%2Fv2%2Fcomments&post=840"}],"version-history":[{"count":11,"href":"http:\/\/www.kokenmetcoenen.nl\/index.php?rest_route=\/wp\/v2\/pages\/840\/revisions"}],"predecessor-version":[{"id":5677,"href":"http:\/\/www.kokenmetcoenen.nl\/index.php?rest_route=\/wp\/v2\/pages\/840\/revisions\/5677"}],"wp:featuredmedia":[{"embeddable":true,"href":"http:\/\/www.kokenmetcoenen.nl\/index.php?rest_route=\/wp\/v2\/media\/845"}],"wp:attachment":[{"href":"http:\/\/www.kokenmetcoenen.nl\/index.php?rest_route=%2Fwp%2Fv2%2Fmedia&parent=840"}],"curies":[{"name":"wp","href":"https:\/\/api.w.org\/{rel}","templated":true}]}}