{"id":940,"date":"2014-08-30T20:21:18","date_gmt":"2014-08-30T19:21:18","guid":{"rendered":"http:\/\/www.kokenmetcoenen.nl\/?page_id=940"},"modified":"2014-08-30T20:26:06","modified_gmt":"2014-08-30T19:26:06","slug":"chocolade-spekkoek","status":"publish","type":"page","link":"http:\/\/www.kokenmetcoenen.nl\/?page_id=940","title":{"rendered":"CHOCOLADE SPEKKOEK"},"content":{"rendered":"<p>Gerecht voor 8 personen<\/p>\n<p>Ingredi\u00ebnten:<\/p>\n<p>250 gram zachte boter<br \/>\n250 gram witte basterdsuiker<br \/>\n12 eieren<br \/>\n150 gram bloem<br \/>\n8 gram speculaaskruiden<br \/>\n2 eetlepels cacaopoeder<br \/>\n1 zakje vanillesuiker<\/p>\n<p>Bereiding:<\/p>\n<p>Klop in een kom de boter en de suiker met de handmixer in ca. 10 minuten tot een romig geheel.<br \/>\nSplits de eieren in dooiers en eiwitten (6 eiwitten apart houden).<br \/>\nKlop \u00e9\u00e9n voor \u00e9\u00e9n de 12 eidooiers door het botermengsel.<br \/>\nSpatel de bloem er voorzichtig doorheen.<br \/>\nKlop in een andere kom de helft van de\u00a0eiwitten stijf .<br \/>\nSpatel de stijfgeklopte eiwitten voorzichtig door het beslag.<br \/>\nDoe de helft van het beslag in een andere kom en meng hier de cacaopoeder door.<br \/>\nMeng door de andere helft van het beslag de vanillesuiker en de koekkruiden. Verwarm de oven voor op de grillstand van ca. 160\u02da.<br \/>\nVet een springvorm met een doorsnede van ca. 20 cm in.<br \/>\nSchep 2-3 eetlepels van het koekbeslag in de vorm en strijk deze, met de bolle kant van een lepel, uit over de bodem tot een dun laagje van ca. 3 mm dik.<br \/>\nZet de vorm ca. 15 cm onder de gril en laat het beslag in ca. 2 minuten stollen. Schep vervolgens 2-3 eetlepels chocolade beslag erop en strijk deze uit tot een dun laagje van ca. 3 mm.<br \/>\nZet de vorm weer onder de gril en laat het laagje in 2 minuten stollen.<br \/>\nGa op dezelfde wijze verder met het koekbeslag bouw de spekkoek op totdat al het beslag op is.<br \/>\nEindig met een laagje chocoladebeslag.<br \/>\nSchakel de gril uit en laat de spekkoek nog ca. 10 minuten in een open oven staan.<br \/>\nLaat de koek in de vorm afkoelen.<br \/>\nAls de koek\u00a0een dag voor gebruik gemaakt wordt komt de smaak beter tot zijn recht.<\/p>\n<p>&nbsp;<\/p>\n","protected":false},"excerpt":{"rendered":"<p>Gerecht voor 8 personen Ingredi\u00ebnten: 250 gram zachte boter 250 gram witte basterdsuiker 12 eieren 150 gram bloem 8 gram speculaaskruiden 2 eetlepels cacaopoeder 1 zakje vanillesuiker Bereiding: Klop in een kom de boter en de suiker met de handmixer in ca. 10 minuten tot een romig geheel. Splits de eieren in dooiers en eiwitten &hellip; <a href=\"http:\/\/www.kokenmetcoenen.nl\/?page_id=940\" class=\"more-link\">Lees verder <span class=\"screen-reader-text\">CHOCOLADE SPEKKOEK<\/span> <span class=\"meta-nav\">&rarr;<\/span><\/a><\/p>\n","protected":false},"author":100023,"featured_media":942,"parent":0,"menu_order":0,"comment_status":"closed","ping_status":"closed","template":"","meta":{"wprm-recipe-roundup-name":"","wprm-recipe-roundup-description":"","footnotes":""},"class_list":["post-940","page","type-page","status-publish","has-post-thumbnail","hentry"],"_links":{"self":[{"href":"http:\/\/www.kokenmetcoenen.nl\/index.php?rest_route=\/wp\/v2\/pages\/940","targetHints":{"allow":["GET"]}}],"collection":[{"href":"http:\/\/www.kokenmetcoenen.nl\/index.php?rest_route=\/wp\/v2\/pages"}],"about":[{"href":"http:\/\/www.kokenmetcoenen.nl\/index.php?rest_route=\/wp\/v2\/types\/page"}],"author":[{"embeddable":true,"href":"http:\/\/www.kokenmetcoenen.nl\/index.php?rest_route=\/wp\/v2\/users\/100023"}],"replies":[{"embeddable":true,"href":"http:\/\/www.kokenmetcoenen.nl\/index.php?rest_route=%2Fwp%2Fv2%2Fcomments&post=940"}],"version-history":[{"count":1,"href":"http:\/\/www.kokenmetcoenen.nl\/index.php?rest_route=\/wp\/v2\/pages\/940\/revisions"}],"predecessor-version":[{"id":941,"href":"http:\/\/www.kokenmetcoenen.nl\/index.php?rest_route=\/wp\/v2\/pages\/940\/revisions\/941"}],"wp:featuredmedia":[{"embeddable":true,"href":"http:\/\/www.kokenmetcoenen.nl\/index.php?rest_route=\/wp\/v2\/media\/942"}],"wp:attachment":[{"href":"http:\/\/www.kokenmetcoenen.nl\/index.php?rest_route=%2Fwp%2Fv2%2Fmedia&parent=940"}],"curies":[{"name":"wp","href":"https:\/\/api.w.org\/{rel}","templated":true}]}}